{"id":2331,"date":"2024-10-16T13:37:03","date_gmt":"2024-10-16T06:37:03","guid":{"rendered":"https:\/\/fstack.io.vn\/?page_id=2331"},"modified":"2025-07-27T00:50:05","modified_gmt":"2025-07-26T17:50:05","slug":"du-an","status":"publish","type":"page","link":"https:\/\/fstack.io.vn\/blog\/du-an\/","title":{"rendered":"D\u1ef1 \u00c1n \u0110\u00e3 L\u00e0m"},"content":{"rendered":"\t\t<div data-elementor-type=\"wp-page\" data-elementor-id=\"2331\" class=\"elementor elementor-2331\" data-elementor-post-type=\"page\">\n\t\t\t\t<div class=\"elementor-element elementor-element-5561883 e-flex e-con-boxed e-con e-parent\" data-id=\"5561883\" data-element_type=\"container\">\n\t\t\t\t\t<div class=\"e-con-inner\">\n\t\t\t\t<div class=\"elementor-element elementor-element-39d8f1c elementor-widget elementor-widget-heading\" data-id=\"39d8f1c\" data-element_type=\"widget\" data-widget_type=\"heading.default\">\n\t\t\t\t<div class=\"elementor-widget-container\">\n\t\t\t\t\t<h2 class=\"elementor-heading-title elementor-size-default\">M\u1ed9t v\u00e0i s\u1ea3n ph\u1ea9m \u1ea5n t\u01b0\u1ee3ng t\u1eeb Fstack<\/h2>\t\t\t\t<\/div>\n\t\t\t\t<\/div>\n\t\t\t\t<div class=\"elementor-element elementor-element-a02661e elementor-widget elementor-widget-text-editor\" data-id=\"a02661e\" data-element_type=\"widget\" data-widget_type=\"text-editor.default\">\n\t\t\t\t<div class=\"elementor-widget-container\">\n\t\t\t\t\t\t\t\t\t<p><a href=\"https:\/\/fstack.io.vn\/blog\/ve-chung-toi\/\">Fstack<\/a> t\u1ef1 h\u00e0o l\u00e0 \u0111\u01a1n v\u1ecb cung c\u1ea5p gi\u1ea3i ph\u00e1p thi\u1ebft k\u1ebf website chuy\u00ean nghi\u1ec7p, gi\u00fap doanh nghi\u1ec7p x\u00e2y d\u1ef1ng n\u1ec1n t\u1ea3ng tr\u1ef1c tuy\u1ebfn v\u1eefng ch\u1eafc, t\u1ed1i \u01b0u hi\u1ec7u su\u1ea5t v\u00e0 n\u00e2ng cao tr\u1ea3i nghi\u1ec7m ng\u01b0\u1eddi d\u00f9ng. V\u1edbi \u0111\u1ed9i ng\u0169 <a href=\"https:\/\/fstack.io.vn\/blog\/lap-trinh-la-gi-mot-so-dac-diem-cua-lap-trinh-ma-ban-nen-biet\/\">l\u1eadp tr\u00ecnh<\/a> vi\u00ean gi\u00e0u kinh nghi\u1ec7m v\u00e0 quy tr\u00ecnh l\u00e0m vi\u1ec7c b\u00e0i b\u1ea3n, ch\u00fang t\u00f4i \u0111\u00e3 tri\u1ec3n khai h\u00e0ng lo\u1ea1t d\u1ef1 \u00e1n th\u00e0nh c\u00f4ng, \u0111\u00e1p \u1ee9ng \u0111a d\u1ea1ng nhu c\u1ea7u t\u1eeb doanh nghi\u1ec7p, c\u1eeda h\u00e0ng tr\u1ef1c tuy\u1ebfn \u0111\u1ebfn c\u00e1c t\u1ed5 ch\u1ee9c, c\u00e1 nh\u00e2n.<\/p><p>M\u1ed7i website do Fstack th\u1ef1c hi\u1ec7n kh\u00f4ng ch\u1ec9 s\u1edf h\u1eefu <a href=\"https:\/\/fstack.io.vn\/blog\/interface-trong-java-la-gi-huong-dan-chi-tiet-cho-nguoi-moi-bat-dau-2024\/\">giao di\u1ec7n<\/a> \u0111\u1eb9p m\u1eaft, chu\u1ea9n UX\/UI m\u00e0 c\u00f2n \u0111\u1ea3m b\u1ea3o t\u1ed1c \u0111\u1ed9 t\u1ea3i nhanh, t\u1ed1i \u01b0u <a href=\"https:\/\/fstack.io.vn\/blog\/10-the-meta-ma-ban-nen-biet-khi-lam-seo-website\/\">SEO<\/a>, gi\u00fap kh\u00e1ch h\u00e0ng d\u1ec5 d\u00e0ng ti\u1ebfp c\u1eadn th\u1ecb tr\u01b0\u1eddng v\u00e0 n\u00e2ng cao hi\u1ec7u qu\u1ea3 kinh doanh. Ch\u00fang t\u00f4i lu\u00f4n \u0111\u1eb7t m\u00ecnh v\u00e0o v\u1ecb tr\u00ed c\u1ee7a doanh nghi\u1ec7p \u0111\u1ec3 mang \u0111\u1ebfn nh\u1eefng gi\u1ea3i ph\u00e1p ph\u00f9 h\u1ee3p nh\u1ea5t, t\u1eeb thi\u1ebft k\u1ebf giao di\u1ec7n, l\u1eadp tr\u00ecnh t\u00ednh n\u0103ng \u0111\u1ebfn b\u1ea3o tr\u00ec v\u00e0 n\u00e2ng c\u1ea5p website.<\/p><p>D\u01b0\u1edbi \u0111\u00e2y l\u00e0 nh\u1eefng d\u1ef1 \u00e1n ti\u00eau bi\u1ec3u m\u00e0 Fstack \u0111\u00e3 tri\u1ec3n khai th\u00e0nh c\u00f4ng, g\u00f3p ph\u1ea7n gi\u00fap kh\u00e1ch h\u00e0ng ph\u00e1t tri\u1ec3n m\u1ea1nh m\u1ebd trong l\u0129nh v\u1ef1c c\u1ee7a h\u1ecd.<\/p>\t\t\t\t\t\t\t\t<\/div>\n\t\t\t\t<\/div>\n\t\t\t\t\t<\/div>\n\t\t\t\t<\/div>\n\t\t<div class=\"elementor-element elementor-element-4c87956 e-grid e-con-boxed e-con e-parent\" data-id=\"4c87956\" data-element_type=\"container\">\n\t\t\t\t\t<div class=\"e-con-inner\">\n\t\t<div class=\"elementor-element elementor-element-7cc055e e-con-full e-flex e-con e-child\" data-id=\"7cc055e\" data-element_type=\"container\">\n\t\t\t\t<div class=\"elementor-element elementor-element-e2f4e79 elementor-widget elementor-widget-heading\" data-id=\"e2f4e79\" data-element_type=\"widget\" data-widget_type=\"heading.default\">\n\t\t\t\t<div class=\"elementor-widget-container\">\n\t\t\t\t\t<h2 class=\"elementor-heading-title elementor-size-default\">\ud83c\udf1f D\u1ef1 \u00e1n n\u1ed5i b\u1eadt: Qu\u1ea3n L\u00fd V\u00e0 Gi\u1edbi Thi\u1ec7u H\u1ecdc T\u1eadp<\/h2>\t\t\t\t<\/div>\n\t\t\t\t<\/div>\n\t\t\t\t<div class=\"elementor-element elementor-element-1c7c324 elementor-widget elementor-widget-text-editor\" data-id=\"1c7c324\" data-element_type=\"widget\" data-widget_type=\"text-editor.default\">\n\t\t\t\t<div class=\"elementor-widget-container\">\n\t\t\t\t\t\t\t\t\t<ul><li>Thi\u1ebft k\u1ebf hi\u1ec7n \u0111\u1ea1i, giao di\u1ec7n t\u1ed1i \u01b0u UX\/UI<\/li><li>T\u00edch h\u1ee3p \u0111\u1ea7y \u0111\u1ee7 t\u00ednh n\u0103ng doanh nghi\u1ec7p c\u1ea7n<\/li><li>Chu\u1ea9n SEO gi\u00fap t\u0103ng tr\u01b0\u1edfng b\u1ec1n v\u1eefng tr\u00ean <a href=\"https:\/\/fstack.io.vn\/blog\/cach-them-google-search-console-vao-website-tu-a-z\/\">Google<\/a><\/li><\/ul>\t\t\t\t\t\t\t\t<\/div>\n\t\t\t\t<\/div>\n\t\t<div class=\"elementor-element elementor-element-52c5067 e-con-full e-flex e-con e-child\" data-id=\"52c5067\" data-element_type=\"container\" data-settings=\"{&quot;background_background&quot;:&quot;classic&quot;}\">\n\t\t\t\t<div class=\"elementor-element elementor-element-831be15 btn-page-project-all elementor-align-center elementor-widget elementor-widget-elementskit-button\" data-id=\"831be15\" data-element_type=\"widget\" data-widget_type=\"elementskit-button.default\">\n\t\t\t\t<div class=\"elementor-widget-container\">\n\t\t\t\t\t<div class=\"ekit-wid-con\" >\t\t<div class=\"ekit-btn-wraper\">\n\t\t\t\t\t\t\t<a href=\"#elementor-action%3Aaction%3Dpopup%3Aopen%26settings%3DeyJpZCI6IjIzNDQiLCJ0b2dnbGUiOmZhbHNlfQ%3D%3D\" data-url=\"https:\/\/nodemy.vn project-9b1deb4d-3b7d-4bad-9bdd-2b0d7b3dcb6d\" class=\"elementskit-btn  whitespace--normal\" id=\"\">\n\t\t\t\t\tXem Chi Ti\u1ebft\t\t\t\t<\/a>\n\t\t\t\t\t<\/div>\n        <\/div>\t\t\t\t<\/div>\n\t\t\t\t<\/div>\n\t\t\t\t<\/div>\n\t\t\t\t<\/div>\n\t\t<div class=\"elementor-element elementor-element-743dd34 e-con-full e-flex e-con e-child\" data-id=\"743dd34\" data-element_type=\"container\">\n\t\t\t\t<div class=\"elementor-element elementor-element-bc3cbe2 elementor-widget elementor-widget-heading\" data-id=\"bc3cbe2\" data-element_type=\"widget\" data-widget_type=\"heading.default\">\n\t\t\t\t<div class=\"elementor-widget-container\">\n\t\t\t\t\t<h2 class=\"elementor-heading-title elementor-size-default\">\ud83c\udf1f D\u1ef1 \u00e1n n\u1ed5i b\u1eadt: M\u00f4i Tr\u01b0\u1eddng Xanh Ph\u00e1t L\u1ed9c<\/h2>\t\t\t\t<\/div>\n\t\t\t\t<\/div>\n\t\t\t\t<div class=\"elementor-element elementor-element-102b6db elementor-widget elementor-widget-text-editor\" data-id=\"102b6db\" data-element_type=\"widget\" data-widget_type=\"text-editor.default\">\n\t\t\t\t<div class=\"elementor-widget-container\">\n\t\t\t\t\t\t\t\t\t<ul><li>Thi\u1ebft k\u1ebf hi\u1ec7n \u0111\u1ea1i, giao di\u1ec7n t\u1ed1i \u01b0u UX\/UI<\/li><li>T\u00edch h\u1ee3p \u0111\u1ea7y \u0111\u1ee7 t\u00ednh n\u0103ng doanh nghi\u1ec7p c\u1ea7n<\/li><li>Chu\u1ea9n SEO gi\u00fap t\u0103ng tr\u01b0\u1edfng b\u1ec1n v\u1eefng tr\u00ean Google<\/li><\/ul>\t\t\t\t\t\t\t\t<\/div>\n\t\t\t\t<\/div>\n\t\t<div class=\"elementor-element elementor-element-ca99b6c e-con-full e-flex e-con e-child\" data-id=\"ca99b6c\" data-element_type=\"container\" data-settings=\"{&quot;background_background&quot;:&quot;classic&quot;}\">\n\t\t\t\t<div class=\"elementor-element elementor-element-bd2252c btn-page-project-all elementor-align-center elementor-widget elementor-widget-elementskit-button\" data-id=\"bd2252c\" data-element_type=\"widget\" data-widget_type=\"elementskit-button.default\">\n\t\t\t\t<div class=\"elementor-widget-container\">\n\t\t\t\t\t<div class=\"ekit-wid-con\" >\t\t<div class=\"ekit-btn-wraper\">\n\t\t\t\t\t\t\t<a href=\"#elementor-action%3Aaction%3Dpopup%3Aopen%26settings%3DeyJpZCI6IjIzNDQiLCJ0b2dnbGUiOmZhbHNlfQ%3D%3D\" data-url=\"https:\/\/moitruongxanhphatloc.com project-9b1deb4d-3b7d-4bad-9bdd-2b0d7b3dcb6d\" class=\"elementskit-btn  whitespace--normal\" id=\"\">\n\t\t\t\t\tXem Chi Ti\u1ebft\t\t\t\t<\/a>\n\t\t\t\t\t<\/div>\n        <\/div>\t\t\t\t<\/div>\n\t\t\t\t<\/div>\n\t\t\t\t<\/div>\n\t\t\t\t<\/div>\n\t\t<div class=\"elementor-element elementor-element-8760023 e-con-full e-flex e-con e-child\" data-id=\"8760023\" data-element_type=\"container\">\n\t\t\t\t<div class=\"elementor-element elementor-element-4eed1d0 elementor-widget elementor-widget-heading\" data-id=\"4eed1d0\" data-element_type=\"widget\" data-widget_type=\"heading.default\">\n\t\t\t\t<div class=\"elementor-widget-container\">\n\t\t\t\t\t<h2 class=\"elementor-heading-title elementor-size-default\">\ud83c\udf1f D\u1ef1 \u00e1n n\u1ed5i b\u1eadt: Ecommer Builder<\/h2>\t\t\t\t<\/div>\n\t\t\t\t<\/div>\n\t\t\t\t<div class=\"elementor-element elementor-element-9f1eaca elementor-widget elementor-widget-text-editor\" data-id=\"9f1eaca\" data-element_type=\"widget\" data-widget_type=\"text-editor.default\">\n\t\t\t\t<div class=\"elementor-widget-container\">\n\t\t\t\t\t\t\t\t\t<ul><li>Thi\u1ebft k\u1ebf hi\u1ec7n \u0111\u1ea1i, giao di\u1ec7n t\u1ed1i \u01b0u UX\/UI<\/li><li>T\u00edch h\u1ee3p \u0111\u1ea7y \u0111\u1ee7 t\u00ednh n\u0103ng doanh nghi\u1ec7p c\u1ea7n<\/li><li>Chu\u1ea9n SEO gi\u00fap t\u0103ng tr\u01b0\u1edfng b\u1ec1n v\u1eefng tr\u00ean Google<\/li><\/ul>\t\t\t\t\t\t\t\t<\/div>\n\t\t\t\t<\/div>\n\t\t<div class=\"elementor-element elementor-element-73a6fb4 e-con-full e-flex e-con e-child\" data-id=\"73a6fb4\" data-element_type=\"container\" data-settings=\"{&quot;background_background&quot;:&quot;classic&quot;}\">\n\t\t\t\t<div class=\"elementor-element elementor-element-1e64e1e btn-page-project-all elementor-align-center elementor-widget elementor-widget-elementskit-button\" data-id=\"1e64e1e\" data-element_type=\"widget\" data-widget_type=\"elementskit-button.default\">\n\t\t\t\t<div class=\"elementor-widget-container\">\n\t\t\t\t\t<div class=\"ekit-wid-con\" >\t\t<div class=\"ekit-btn-wraper\">\n\t\t\t\t\t\t\t<a href=\"#elementor-action%3Aaction%3Dpopup%3Aopen%26settings%3DeyJpZCI6IjIzNDQiLCJ0b2dnbGUiOmZhbHNlfQ%3D%3D\" data-url=\"https:\/\/landing.fstack.io.vn\/Project project-9b1deb4d-3b7d-4bad-9bdd-2b0d7b3dcb6d\" class=\"elementskit-btn  whitespace--normal\" id=\"\">\n\t\t\t\t\tXem Chi Ti\u1ebft\t\t\t\t<\/a>\n\t\t\t\t\t<\/div>\n        <\/div>\t\t\t\t<\/div>\n\t\t\t\t<\/div>\n\t\t\t\t<\/div>\n\t\t\t\t<\/div>\n\t\t<div class=\"elementor-element elementor-element-b27076a e-con-full e-flex e-con e-child\" data-id=\"b27076a\" data-element_type=\"container\">\n\t\t\t\t<div class=\"elementor-element elementor-element-6c8f1ec elementor-widget elementor-widget-heading\" data-id=\"6c8f1ec\" data-element_type=\"widget\" data-widget_type=\"heading.default\">\n\t\t\t\t<div class=\"elementor-widget-container\">\n\t\t\t\t\t<h2 class=\"elementor-heading-title elementor-size-default\"><img decoding=\"async\" role=\"img\" class=\"emoji\" alt=\"\ud83c\udf1f\" src=\"https:\/\/s.w.org\/images\/core\/emoji\/16.0.1\/svg\/1f31f.svg\" title=\"\"> D\u1ef1 \u00e1n n\u1ed5i b\u1eadt: Blog V\u1ec1 Ti\u1ec1n \u1ea2o<\/h2>\t\t\t\t<\/div>\n\t\t\t\t<\/div>\n\t\t\t\t<div class=\"elementor-element elementor-element-38b7d9c elementor-widget elementor-widget-text-editor\" data-id=\"38b7d9c\" data-element_type=\"widget\" data-widget_type=\"text-editor.default\">\n\t\t\t\t<div class=\"elementor-widget-container\">\n\t\t\t\t\t\t\t\t\t<ul><li>Thi\u1ebft k\u1ebf hi\u1ec7n \u0111\u1ea1i, giao di\u1ec7n t\u1ed1i \u01b0u UX\/UI<\/li><li>T\u00edch h\u1ee3p \u0111\u1ea7y \u0111\u1ee7 t\u00ednh n\u0103ng doanh nghi\u1ec7p c\u1ea7n<\/li><li>Chu\u1ea9n SEO gi\u00fap t\u0103ng tr\u01b0\u1edfng b\u1ec1n v\u1eefng tr\u00ean Google<\/li><\/ul>\t\t\t\t\t\t\t\t<\/div>\n\t\t\t\t<\/div>\n\t\t<div class=\"elementor-element elementor-element-c780dd2 e-con-full e-flex e-con e-child\" data-id=\"c780dd2\" data-element_type=\"container\" data-settings=\"{&quot;background_background&quot;:&quot;classic&quot;}\">\n\t\t\t\t<div class=\"elementor-element elementor-element-c73bde7 btn-page-project-all elementor-align-center elementor-widget elementor-widget-elementskit-button\" data-id=\"c73bde7\" data-element_type=\"widget\" data-widget_type=\"elementskit-button.default\">\n\t\t\t\t<div class=\"elementor-widget-container\">\n\t\t\t\t\t<div class=\"ekit-wid-con\" >\t\t<div class=\"ekit-btn-wraper\">\n\t\t\t\t\t\t\t<a href=\"#elementor-action%3Aaction%3Dpopup%3Aopen%26settings%3DeyJpZCI6IjIzNDQiLCJ0b2dnbGUiOmZhbHNlfQ%3D%3D\" data-url=\"https:\/\/stepofcrypto.com\" class=\"elementskit-btn  whitespace--normal\" id=\"\">\n\t\t\t\t\tXem Chi Ti\u1ebft\t\t\t\t<\/a>\n\t\t\t\t\t<\/div>\n        <\/div>\t\t\t\t<\/div>\n\t\t\t\t<\/div>\n\t\t\t\t<\/div>\n\t\t\t\t<\/div>\n\t\t\t\t\t<\/div>\n\t\t\t\t<\/div>\n\t\t\t\t<section class=\"elementor-section elementor-top-section elementor-element elementor-element-7c3bafe elementor-section-boxed elementor-section-height-default elementor-section-height-default\" data-id=\"7c3bafe\" data-element_type=\"section\" data-settings=\"{&quot;background_background&quot;:&quot;classic&quot;}\">\n\t\t\t\t\t\t<div class=\"elementor-container elementor-column-gap-default\">\n\t\t\t\t\t<div class=\"elementor-column elementor-col-50 elementor-top-column elementor-element elementor-element-42fadea\" data-id=\"42fadea\" data-element_type=\"column\">\n\t\t\t<div class=\"elementor-widget-wrap elementor-element-populated\">\n\t\t\t\t\t\t<div class=\"elementor-element elementor-element-5f4c9ac elementor-widget elementor-widget-elementskit-heading\" data-id=\"5f4c9ac\" data-element_type=\"widget\" data-widget_type=\"elementskit-heading.default\">\n\t\t\t\t<div class=\"elementor-widget-container\">\n\t\t\t\t\t<div class=\"ekit-wid-con\" ><div class=\"ekit-heading elementskit-section-title-wraper text_left   ekit_heading_tablet-   ekit_heading_mobile-\"><h2 class=\"ekit-heading--title elementskit-section-title \">Fstack Cung C\u1ea5p Gi\u1ea3i Ph\u00e1p Thi\u1ebft K\u1ebf Web &amp; Development<\/h2>\t\t\t\t<div class='ekit-heading__description'>\n\t\t\t\t\t<p>Ch\u00fang t\u00f4i h\u01b0\u1edbng t\u1edbi vi\u1ec7c tr\u1edf th\u00e0nh \u0111\u1ed1i t\u00e1c c\u00f4ng ngh\u1ec7 tin c\u1eady nh\u1ea5t cho c\u00e1c doanh nghi\u1ec7p, gi\u00fap h\u1ecd t\u1ed1i \u01b0u h\u00f3a quy tr\u00ecnh ho\u1ea1t \u0111\u1ed9ng v\u00e0 n\u00e2ng cao tr\u1ea3i nghi\u1ec7m ng\u01b0\u1eddi d\u00f9ng.<\/p>\n\t\t\t\t<\/div>\n\t\t\t<\/div><\/div>\t\t\t\t<\/div>\n\t\t\t\t<\/div>\n\t\t\t\t\t<\/div>\n\t\t<\/div>\n\t\t\t\t<div class=\"elementor-column elementor-col-50 elementor-top-column elementor-element elementor-element-04c53c3\" data-id=\"04c53c3\" data-element_type=\"column\">\n\t\t\t<div class=\"elementor-widget-wrap elementor-element-populated\">\n\t\t\t\t\t\t<div class=\"elementor-element elementor-element-b5ebe3d elementor-align-right elementor-align--mobilecenter elementor-align--tabletleft elementor-widget elementor-widget-elementskit-button\" data-id=\"b5ebe3d\" data-element_type=\"widget\" data-widget_type=\"elementskit-button.default\">\n\t\t\t\t<div class=\"elementor-widget-container\">\n\t\t\t\t\t<div class=\"ekit-wid-con\" >\t\t<div class=\"ekit-btn-wraper\">\n\t\t\t\t\t\t\t<a href=\"#elementor-action%3Aaction%3Dpopup%3Aopen%26settings%3DeyJpZCI6Ijc3OSIsInRvZ2dsZSI6ZmFsc2V9\" class=\"elementskit-btn  whitespace--normal\" id=\"\">\n\t\t\t\t\tT\u00ecm hi\u1ec3u th\u00eam\t\t\t\t<\/a>\n\t\t\t\t\t<\/div>\n        <\/div>\t\t\t\t<\/div>\n\t\t\t\t<\/div>\n\t\t\t\t\t<\/div>\n\t\t<\/div>\n\t\t\t\t\t<\/div>\n\t\t<\/section>\n\t\t\t\t<\/div>\n\t\t","protected":false},"excerpt":{"rendered":"<p>M\u1ed9t v\u00e0i s\u1ea3n ph\u1ea9m \u1ea5n t\u01b0\u1ee3ng t\u1eeb Fstack Fstack t\u1ef1 h\u00e0o l\u00e0 \u0111\u01a1n v\u1ecb cung c\u1ea5p gi\u1ea3i ph\u00e1p thi\u1ebft k\u1ebf website chuy\u00ean nghi\u1ec7p, gi\u00fap doanh nghi\u1ec7p x\u00e2y d\u1ef1ng n\u1ec1n t\u1ea3ng tr\u1ef1c tuy\u1ebfn v\u1eefng ch\u1eafc, t\u1ed1i \u01b0u hi\u1ec7u su\u1ea5t v\u00e0 n\u00e2ng cao tr\u1ea3i nghi\u1ec7m ng\u01b0\u1eddi d\u00f9ng. V\u1edbi \u0111\u1ed9i ng\u0169 l\u1eadp tr\u00ecnh vi\u00ean gi\u00e0u kinh nghi\u1ec7m v\u00e0 [&hellip;]<\/p>\n","protected":false},"author":1,"featured_media":1024,"parent":0,"menu_order":0,"comment_status":"closed","ping_status":"closed","template":"","meta":{"_acf_changed":false,"footnotes":""},"class_list":["post-2331","page","type-page","status-publish","has-post-thumbnail","hentry"],"acf":[],"jetpack_sharing_enabled":true,"_links":{"self":[{"href":"https:\/\/fstack.io.vn\/blog\/wp-json\/wp\/v2\/pages\/2331","targetHints":{"allow":["GET"]}}],"collection":[{"href":"https:\/\/fstack.io.vn\/blog\/wp-json\/wp\/v2\/pages"}],"about":[{"href":"https:\/\/fstack.io.vn\/blog\/wp-json\/wp\/v2\/types\/page"}],"author":[{"embeddable":true,"href":"https:\/\/fstack.io.vn\/blog\/wp-json\/wp\/v2\/users\/1"}],"replies":[{"embeddable":true,"href":"https:\/\/fstack.io.vn\/blog\/wp-json\/wp\/v2\/comments?post=2331"}],"version-history":[{"count":93,"href":"https:\/\/fstack.io.vn\/blog\/wp-json\/wp\/v2\/pages\/2331\/revisions"}],"predecessor-version":[{"id":3579,"href":"https:\/\/fstack.io.vn\/blog\/wp-json\/wp\/v2\/pages\/2331\/revisions\/3579"}],"wp:featuredmedia":[{"embeddable":true,"href":"https:\/\/fstack.io.vn\/blog\/wp-json\/wp\/v2\/media\/1024"}],"wp:attachment":[{"href":"https:\/\/fstack.io.vn\/blog\/wp-json\/wp\/v2\/media?parent=2331"}],"curies":[{"name":"wp","href":"https:\/\/api.w.org\/{rel}","templated":true}]}}